{"id":770,"date":"2018-09-18T09:01:53","date_gmt":"2018-09-18T09:01:53","guid":{"rendered":"https:\/\/szikkim.hu\/index.php\/home\/"},"modified":"2025-10-25T08:35:39","modified_gmt":"2025-10-25T08:35:39","slug":"home","status":"publish","type":"page","link":"https:\/\/szikkim.hu\/","title":{"rendered":"Kezd\u0151lap"},"content":{"rendered":"\t\t<div data-elementor-type=\"wp-post\" data-elementor-id=\"770\" class=\"elementor elementor-770\">\n\t\t\t\t\t\t\t\t\t<section class=\"elementor-section elementor-top-section elementor-element elementor-element-216e7e5 elementor-section-boxed elementor-section-height-default elementor-section-height-default\" data-id=\"216e7e5\" data-element_type=\"section\" data-settings=\"{&quot;background_background&quot;:&quot;classic&quot;}\">\n\t\t\t\t\t\t<div class=\"elementor-container elementor-column-gap-no\">\n\t\t\t\t\t<div class=\"elementor-column elementor-col-66 elementor-top-column elementor-element elementor-element-31f65784\" data-id=\"31f65784\" data-element_type=\"column\">\n\t\t\t<div class=\"elementor-widget-wrap elementor-element-populated\">\n\t\t\t\t\t\t\t\t<div class=\"elementor-element elementor-element-1b388edd elementor-widget elementor-widget-heading\" data-id=\"1b388edd\" data-element_type=\"widget\" data-widget_type=\"heading.default\">\n\t\t\t\t<div class=\"elementor-widget-container\">\n\t\t\t<style>\/*! elementor - v3.7.7 - 20-09-2022 *\/\n.elementor-heading-title{padding:0;margin:0;line-height:1}.elementor-widget-heading .elementor-heading-title[class*=elementor-size-]>a{color:inherit;font-size:inherit;line-height:inherit}.elementor-widget-heading .elementor-heading-title.elementor-size-small{font-size:15px}.elementor-widget-heading .elementor-heading-title.elementor-size-medium{font-size:19px}.elementor-widget-heading .elementor-heading-title.elementor-size-large{font-size:29px}.elementor-widget-heading .elementor-heading-title.elementor-size-xl{font-size:39px}.elementor-widget-heading .elementor-heading-title.elementor-size-xxl{font-size:59px}<\/style><h6 class=\"elementor-heading-title elementor-size-default\">Az \u00e9p\u00edt\u0151iparban otthon vagyunk<\/h6>\t\t<\/div>\n\t\t\t\t<\/div>\n\t\t\t\t<div class=\"elementor-element elementor-element-6888c641 elementor-widget elementor-widget-heading\" data-id=\"6888c641\" data-element_type=\"widget\" data-widget_type=\"heading.default\">\n\t\t\t\t<div class=\"elementor-widget-container\">\n\t\t\t<h1 class=\"elementor-heading-title elementor-size-default\">Fel\u00faj\u00edt\u00e1sok \u00e9s \u00faj h\u00e1zak \ngener\u00e1lkivitelez\u00e9se<\/h1>\t\t<\/div>\n\t\t\t\t<\/div>\n\t\t\t\t<div class=\"elementor-element elementor-element-52b0e5bd elementor-widget elementor-widget-text-editor\" data-id=\"52b0e5bd\" data-element_type=\"widget\" data-widget_type=\"text-editor.default\">\n\t\t\t\t<div class=\"elementor-widget-container\">\n\t\t\t<style>\/*! elementor - v3.7.7 - 20-09-2022 *\/\n.elementor-widget-text-editor.elementor-drop-cap-view-stacked .elementor-drop-cap{background-color:#818a91;color:#fff}.elementor-widget-text-editor.elementor-drop-cap-view-framed .elementor-drop-cap{color:#818a91;border:3px solid;background-color:transparent}.elementor-widget-text-editor:not(.elementor-drop-cap-view-default) .elementor-drop-cap{margin-top:8px}.elementor-widget-text-editor:not(.elementor-drop-cap-view-default) .elementor-drop-cap-letter{width:1em;height:1em}.elementor-widget-text-editor .elementor-drop-cap{float:left;text-align:center;line-height:1;font-size:50px}.elementor-widget-text-editor .elementor-drop-cap-letter{display:inline-block}<\/style>\t\t\t\t<p>Csapatunk 20 \u00e9ves\u00e9p\u00edt\u0151ipari tapasztalattal rendelkezik. Mestereink nemzetk\u00f6zi k\u00f6rnyezetben meg\u00e1llt\u00e1k m\u00e1r a hely\u00fcket. A csapat ir\u00e1ny\u00edt\u00e1s\u00e1t, \u00fcgyf\u00e9legyeztet\u00e9seket m\u00e9rn\u00f6k koll\u00e9ga v\u00e9gzi.<\/p>\t\t\t\t\t\t<\/div>\n\t\t\t\t<\/div>\n\t\t\t\t<div class=\"elementor-element elementor-element-26890f38 elementor-align-left elementor-widget elementor-widget-button\" data-id=\"26890f38\" data-element_type=\"widget\" data-widget_type=\"button.default\">\n\t\t\t\t<div class=\"elementor-widget-container\">\n\t\t\t\t\t<div class=\"elementor-button-wrapper\">\n\t\t\t<a href=\"tel:+3613009210\" class=\"elementor-button-link elementor-button elementor-size-sm\" role=\"button\">\n\t\t\t\t\t\t<span class=\"elementor-button-content-wrapper\">\n\t\t\t\t\t\t\t<span class=\"elementor-button-icon elementor-align-icon-left\">\n\t\t\t\t<i aria-hidden=\"true\" class=\"fas fa-phone-alt\"><\/i>\t\t\t<\/span>\n\t\t\t\t\t\t<span class=\"elementor-button-text\">+36-1-300-9210<\/span>\n\t\t<\/span>\n\t\t\t\t\t<\/a>\n\t\t<\/div>\n\t\t\t\t<\/div>\n\t\t\t\t<\/div>\n\t\t\t\t\t<\/div>\n\t\t<\/div>\n\t\t\t\t<div class=\"elementor-column elementor-col-33 elementor-top-column elementor-element elementor-element-53339236\" data-id=\"53339236\" data-element_type=\"column\" data-settings=\"{&quot;background_background&quot;:&quot;classic&quot;}\">\n\t\t\t<div class=\"elementor-widget-wrap elementor-element-populated\">\n\t\t\t\t\t\t\t\t<div class=\"elementor-element elementor-element-2d8d2400 elementor-widget elementor-widget-image\" data-id=\"2d8d2400\" data-element_type=\"widget\" data-widget_type=\"image.default\">\n\t\t\t\t<div class=\"elementor-widget-container\">\n\t\t\t<style>\/*! elementor - v3.7.7 - 20-09-2022 *\/\n.elementor-widget-image{text-align:center}.elementor-widget-image a{display:inline-block}.elementor-widget-image a img[src$=\".svg\"]{width:48px}.elementor-widget-image img{vertical-align:middle;display:inline-block}<\/style>\t\t\t\t\t\t\t\t\t\t\t\t<img loading=\"lazy\" decoding=\"async\" width=\"981\" height=\"1069\" src=\"https:\/\/szikkim.hu\/wp-content\/uploads\/2022\/09\/iStock-1367361219.jpg\" class=\"attachment-full size-full\" alt=\"\" srcset=\"https:\/\/szikkim.hu\/wp-content\/uploads\/2022\/09\/iStock-1367361219.jpg 981w, https:\/\/szikkim.hu\/wp-content\/uploads\/2022\/09\/iStock-1367361219-275x300.jpg 275w, https:\/\/szikkim.hu\/wp-content\/uploads\/2022\/09\/iStock-1367361219-940x1024.jpg 940w, https:\/\/szikkim.hu\/wp-content\/uploads\/2022\/09\/iStock-1367361219-768x837.jpg 768w\" sizes=\"auto, (max-width: 981px) 100vw, 981px\" \/>\t\t\t\t\t\t\t\t\t\t\t\t\t\t\t<\/div>\n\t\t\t\t<\/div>\n\t\t\t\t\t<\/div>\n\t\t<\/div>\n\t\t\t\t\t\t\t<\/div>\n\t\t<\/section>\n\t\t\t\t<section class=\"elementor-section elementor-top-section elementor-element elementor-element-7ed36b5 elementor-section-boxed elementor-section-height-default elementor-section-height-default\" data-id=\"7ed36b5\" data-element_type=\"section\" data-settings=\"{&quot;background_background&quot;:&quot;slideshow&quot;,&quot;background_slideshow_gallery&quot;:[{&quot;id&quot;:804,&quot;url&quot;:&quot;https:\\\/\\\/szikkim.hu\\\/wp-content\\\/uploads\\\/2022\\\/09\\\/iStock-1139355288.jpg&quot;},{&quot;id&quot;:805,&quot;url&quot;:&quot;https:\\\/\\\/szikkim.hu\\\/wp-content\\\/uploads\\\/2022\\\/09\\\/iStock-1146295665.jpg&quot;},{&quot;id&quot;:339,&quot;url&quot;:&quot;https:\\\/\\\/szikkim.hu\\\/wp-content\\\/uploads\\\/2020\\\/06\\\/two-chairs-with-glass-table-on-living-room-near-window.jpg&quot;}],&quot;background_slideshow_slide_duration&quot;:3000,&quot;background_slideshow_loop&quot;:&quot;yes&quot;,&quot;background_slideshow_slide_transition&quot;:&quot;fade&quot;,&quot;background_slideshow_transition_duration&quot;:500}\">\n\t\t\t\t\t\t<div class=\"elementor-container elementor-column-gap-no\">\n\t\t\t\t\t<div class=\"elementor-column elementor-col-100 elementor-top-column elementor-element elementor-element-7c89d8\" data-id=\"7c89d8\" data-element_type=\"column\" data-settings=\"{&quot;background_background&quot;:&quot;classic&quot;}\">\n\t\t\t<div class=\"elementor-widget-wrap elementor-element-populated\">\n\t\t\t\t\t\t\t\t<div class=\"elementor-element elementor-element-632aebf elementor-widget elementor-widget-heading\" data-id=\"632aebf\" data-element_type=\"widget\" data-widget_type=\"heading.default\">\n\t\t\t\t<div class=\"elementor-widget-container\">\n\t\t\t<h3 class=\"elementor-heading-title elementor-size-default\">Napelemek<\/h3>\t\t<\/div>\n\t\t\t\t<\/div>\n\t\t\t\t<div class=\"elementor-element elementor-element-a04fe76 elementor-align-left elementor-widget elementor-widget-button\" data-id=\"a04fe76\" data-element_type=\"widget\" data-widget_type=\"button.default\">\n\t\t\t\t<div class=\"elementor-widget-container\">\n\t\t\t\t\t<div class=\"elementor-button-wrapper\">\n\t\t\t<a href=\"http:\/\/prosolar.hu\" class=\"elementor-button-link elementor-button elementor-size-sm\" role=\"button\">\n\t\t\t\t\t\t<span class=\"elementor-button-content-wrapper\">\n\t\t\t\t\t\t\t<span class=\"elementor-button-icon elementor-align-icon-right\">\n\t\t\t\t<i aria-hidden=\"true\" class=\"fas fa-long-arrow-alt-right\"><\/i>\t\t\t<\/span>\n\t\t\t\t\t\t<span class=\"elementor-button-text\">T\u00e1j\u00e9koz\u00f3djon itt<\/span>\n\t\t<\/span>\n\t\t\t\t\t<\/a>\n\t\t<\/div>\n\t\t\t\t<\/div>\n\t\t\t\t<\/div>\n\t\t\t\t\t<\/div>\n\t\t<\/div>\n\t\t\t\t\t\t\t<\/div>\n\t\t<\/section>\n\t\t\t\t<section class=\"elementor-section elementor-top-section elementor-element elementor-element-8dd8ae9 elementor-section-boxed elementor-section-height-default elementor-section-height-default\" data-id=\"8dd8ae9\" data-element_type=\"section\">\n\t\t\t\t\t\t<div class=\"elementor-container elementor-column-gap-no\">\n\t\t\t\t\t<div class=\"elementor-column elementor-col-100 elementor-top-column elementor-element elementor-element-3dfc275d\" data-id=\"3dfc275d\" data-element_type=\"column\">\n\t\t\t<div class=\"elementor-widget-wrap elementor-element-populated\">\n\t\t\t\t\t\t\t\t<section class=\"elementor-section elementor-inner-section elementor-element elementor-element-2d5e939a elementor-section-content-bottom elementor-section-boxed elementor-section-height-default elementor-section-height-default\" data-id=\"2d5e939a\" data-element_type=\"section\">\n\t\t\t\t\t\t<div class=\"elementor-container elementor-column-gap-no\">\n\t\t\t\t\t<div class=\"elementor-column elementor-col-66 elementor-inner-column elementor-element elementor-element-26272b4c\" data-id=\"26272b4c\" data-element_type=\"column\">\n\t\t\t<div class=\"elementor-widget-wrap elementor-element-populated\">\n\t\t\t\t\t\t\t\t<div class=\"elementor-element elementor-element-6f31f6b0 elementor-widget elementor-widget-heading\" data-id=\"6f31f6b0\" data-element_type=\"widget\" data-widget_type=\"heading.default\">\n\t\t\t\t<div class=\"elementor-widget-container\">\n\t\t\t<h2 class=\"elementor-heading-title elementor-size-default\">Tev\u00e9kenys\u00e9geink<\/h2>\t\t<\/div>\n\t\t\t\t<\/div>\n\t\t\t\t\t<\/div>\n\t\t<\/div>\n\t\t\t\t<div class=\"elementor-column elementor-col-33 elementor-inner-column elementor-element elementor-element-7406a64c\" data-id=\"7406a64c\" data-element_type=\"column\">\n\t\t\t<div class=\"elementor-widget-wrap\">\n\t\t\t\t\t\t\t\t\t<\/div>\n\t\t<\/div>\n\t\t\t\t\t\t\t<\/div>\n\t\t<\/section>\n\t\t\t\t<section class=\"elementor-section elementor-inner-section elementor-element elementor-element-7c26b7e4 elementor-section-boxed elementor-section-height-default elementor-section-height-default\" data-id=\"7c26b7e4\" data-element_type=\"section\">\n\t\t\t\t\t\t<div class=\"elementor-container elementor-column-gap-no\">\n\t\t\t\t\t<div class=\"elementor-column elementor-col-33 elementor-inner-column elementor-element elementor-element-3a636047\" data-id=\"3a636047\" data-element_type=\"column\">\n\t\t\t<div class=\"elementor-widget-wrap elementor-element-populated\">\n\t\t\t\t\t\t\t\t<div class=\"elementor-element elementor-element-69a838a3 elementor-widget elementor-widget-heading\" data-id=\"69a838a3\" data-element_type=\"widget\" data-widget_type=\"heading.default\">\n\t\t\t\t<div class=\"elementor-widget-container\">\n\t\t\t<h6 class=\"elementor-heading-title elementor-size-default\">01.<\/h6>\t\t<\/div>\n\t\t\t\t<\/div>\n\t\t\t\t<div class=\"elementor-element elementor-element-58be2e6e elementor-widget elementor-widget-heading\" data-id=\"58be2e6e\" data-element_type=\"widget\" data-widget_type=\"heading.default\">\n\t\t\t\t<div class=\"elementor-widget-container\">\n\t\t\t<h4 class=\"elementor-heading-title elementor-size-default\">Lak\u00e1sok teljes fel\u00faj\u00edt\u00e1sa<\/h4>\t\t<\/div>\n\t\t\t\t<\/div>\n\t\t\t\t<div class=\"elementor-element elementor-element-77c7420e elementor-widget elementor-widget-text-editor\" data-id=\"77c7420e\" data-element_type=\"widget\" data-widget_type=\"text-editor.default\">\n\t\t\t\t<div class=\"elementor-widget-container\">\n\t\t\t\t\t\t\t<p>Otthon\u00e1t meg\u00fajj\u00edt\u00e1s\u00e1t A-t\u00f3l Z-ig mi v\u00e9gezz\u00fck. \u00d6n meg\u00e1lmodja \u00faj mi pedig hat\u00e1rid\u0151re, magas min\u0151s\u00e9gben megval\u00f3s\u00edtjuk azt.<\/p>\t\t\t\t\t\t<\/div>\n\t\t\t\t<\/div>\n\t\t\t\t\t<\/div>\n\t\t<\/div>\n\t\t\t\t<div class=\"elementor-column elementor-col-33 elementor-inner-column elementor-element elementor-element-11aa861a\" data-id=\"11aa861a\" data-element_type=\"column\">\n\t\t\t<div class=\"elementor-widget-wrap elementor-element-populated\">\n\t\t\t\t\t\t\t\t<div class=\"elementor-element elementor-element-12f2146b elementor-widget elementor-widget-heading\" data-id=\"12f2146b\" data-element_type=\"widget\" data-widget_type=\"heading.default\">\n\t\t\t\t<div class=\"elementor-widget-container\">\n\t\t\t<h6 class=\"elementor-heading-title elementor-size-default\">02.<\/h6>\t\t<\/div>\n\t\t\t\t<\/div>\n\t\t\t\t<div class=\"elementor-element elementor-element-5e22c08d elementor-widget elementor-widget-heading\" data-id=\"5e22c08d\" data-element_type=\"widget\" data-widget_type=\"heading.default\">\n\t\t\t\t<div class=\"elementor-widget-container\">\n\t\t\t<h4 class=\"elementor-heading-title elementor-size-default\">H\u00e1zak h\u0151szigetel\u00e9se<\/h4>\t\t<\/div>\n\t\t\t\t<\/div>\n\t\t\t\t<div class=\"elementor-element elementor-element-5dc32712 elementor-widget elementor-widget-text-editor\" data-id=\"5dc32712\" data-element_type=\"widget\" data-widget_type=\"text-editor.default\">\n\t\t\t\t<div class=\"elementor-widget-container\">\n\t\t\t\t\t\t\t<p>Sz\u00e1moljon f\u00fct\u00e9s ig\u00e9ny\u00e9nek ak\u00e1r fel\u00e9vel, ami k\u00f6lts\u00e9get 80%-os cs\u00fckken\u00e9s\u00e9t is jelentheti.<\/p>\t\t\t\t\t\t<\/div>\n\t\t\t\t<\/div>\n\t\t\t\t\t<\/div>\n\t\t<\/div>\n\t\t\t\t<div class=\"elementor-column elementor-col-33 elementor-inner-column elementor-element elementor-element-5836a90d\" data-id=\"5836a90d\" data-element_type=\"column\">\n\t\t\t<div class=\"elementor-widget-wrap elementor-element-populated\">\n\t\t\t\t\t\t\t\t<div class=\"elementor-element elementor-element-519013f8 elementor-widget elementor-widget-heading\" data-id=\"519013f8\" data-element_type=\"widget\" data-widget_type=\"heading.default\">\n\t\t\t\t<div class=\"elementor-widget-container\">\n\t\t\t<h6 class=\"elementor-heading-title elementor-size-default\">03.<\/h6>\t\t<\/div>\n\t\t\t\t<\/div>\n\t\t\t\t<div class=\"elementor-element elementor-element-46b30f93 elementor-widget elementor-widget-heading\" data-id=\"46b30f93\" data-element_type=\"widget\" data-widget_type=\"heading.default\">\n\t\t\t\t<div class=\"elementor-widget-container\">\n\t\t\t<h4 class=\"elementor-heading-title elementor-size-default\">K\u00f6nny\u0171szerkezetes h\u00e1z<\/h4>\t\t<\/div>\n\t\t\t\t<\/div>\n\t\t\t\t<div class=\"elementor-element elementor-element-a174b13 elementor-widget elementor-widget-text-editor\" data-id=\"a174b13\" data-element_type=\"widget\" data-widget_type=\"text-editor.default\">\n\t\t\t\t<div class=\"elementor-widget-container\">\n\t\t\t\t\t\t\t<p>Elk\u00f6telezett h\u00edvei vagyon a modern, k\u00f6lts\u00e9hat\u00e9kony technol\u00f3gi\u00e1nak.<\/p>\t\t\t\t\t\t<\/div>\n\t\t\t\t<\/div>\n\t\t\t\t\t<\/div>\n\t\t<\/div>\n\t\t\t\t\t\t\t<\/div>\n\t\t<\/section>\n\t\t\t\t\t<\/div>\n\t\t<\/div>\n\t\t\t\t\t\t\t<\/div>\n\t\t<\/section>\n\t\t\t\t\t\t\t<\/div>\n\t\t","protected":false},"excerpt":{"rendered":"<p>Az \u00e9p\u00edt\u0151iparban otthon vagyunk Fel\u00faj\u00edt\u00e1sok \u00e9s \u00faj h\u00e1zak gener\u00e1lkivitelez\u00e9se Csapatunk 20 \u00e9ves\u00e9p\u00edt\u0151ipari tapasztalattal rendelkezik. Mestereink nemzetk\u00f6zi k\u00f6rnyezetben meg\u00e1llt\u00e1k m\u00e1r a hely\u00fcket. A csapat ir\u00e1ny\u00edt\u00e1s\u00e1t, \u00fcgyf\u00e9legyeztet\u00e9seket m\u00e9rn\u00f6k koll\u00e9ga v\u00e9gzi. +36-1-300-9210 Napelemek T\u00e1j\u00e9koz\u00f3djon itt Tev\u00e9kenys\u00e9geink 01. Lak\u00e1sok teljes fel\u00faj\u00edt\u00e1sa Otthon\u00e1t meg\u00fajj\u00edt\u00e1s\u00e1t A-t\u00f3l Z-ig mi v\u00e9gezz\u00fck. \u00d6n meg\u00e1lmodja \u00faj mi pedig hat\u00e1rid\u0151re, magas min\u0151s\u00e9gben megval\u00f3s\u00edtjuk azt. 02. H\u00e1zak &hellip;<\/p>\n<p class=\"read-more\"> <a class=\"\" href=\"https:\/\/szikkim.hu\/\"> <span class=\"screen-reader-text\">Kezd\u0151lap<\/span> Read More &raquo;<\/a><\/p>\n","protected":false},"author":1,"featured_media":0,"parent":0,"menu_order":0,"comment_status":"closed","ping_status":"closed","template":"","meta":{"site-sidebar-layout":"no-sidebar","site-content-layout":"page-builder","ast-global-header-display":"","ast-main-header-display":"","ast-hfb-above-header-display":"","ast-hfb-below-header-display":"","ast-hfb-mobile-header-display":"","site-post-title":"disabled","ast-breadcrumbs-content":"","ast-featured-img":"disabled","footer-sml-layout":"","theme-transparent-header-meta":"default","adv-header-id-meta":"","stick-header-meta":"","header-above-stick-meta":"","header-main-stick-meta":"","header-below-stick-meta":"","footnotes":""},"class_list":["post-770","page","type-page","status-publish","hentry"],"_links":{"self":[{"href":"https:\/\/szikkim.hu\/index.php\/wp-json\/wp\/v2\/pages\/770","targetHints":{"allow":["GET"]}}],"collection":[{"href":"https:\/\/szikkim.hu\/index.php\/wp-json\/wp\/v2\/pages"}],"about":[{"href":"https:\/\/szikkim.hu\/index.php\/wp-json\/wp\/v2\/types\/page"}],"author":[{"embeddable":true,"href":"https:\/\/szikkim.hu\/index.php\/wp-json\/wp\/v2\/users\/1"}],"replies":[{"embeddable":true,"href":"https:\/\/szikkim.hu\/index.php\/wp-json\/wp\/v2\/comments?post=770"}],"version-history":[{"count":41,"href":"https:\/\/szikkim.hu\/index.php\/wp-json\/wp\/v2\/pages\/770\/revisions"}],"predecessor-version":[{"id":838,"href":"https:\/\/szikkim.hu\/index.php\/wp-json\/wp\/v2\/pages\/770\/revisions\/838"}],"wp:attachment":[{"href":"https:\/\/szikkim.hu\/index.php\/wp-json\/wp\/v2\/media?parent=770"}],"curies":[{"name":"wp","href":"https:\/\/api.w.org\/{rel}","templated":true}]}}